{"id":444,"date":"2026-03-29T09:21:29","date_gmt":"2026-03-29T09:21:29","guid":{"rendered":"https:\/\/hashvix.com\/?page_id=444"},"modified":"2026-03-30T10:04:23","modified_gmt":"2026-03-30T10:04:23","slug":"uber-uns","status":"publish","type":"page","link":"https:\/\/hashvix.com\/de\/about-us\/","title":{"rendered":"\u00dcber uns"},"content":{"rendered":"<div data-elementor-type=\"wp-page\" data-elementor-id=\"444\" class=\"elementor elementor-444\">\n\t\t\t\t<div data-aos=\"fade-up\" class=\"hostinger-elementor-aos elementor-element elementor-element-387d6c8 e-flex e-con-boxed e-con e-parent\" data-id=\"387d6c8\" data-element_type=\"container\" data-e-type=\"container\">\n\t\t\t\t\t<div class=\"e-con-inner\">\n\t\t\t\t<div class=\"elementor-element elementor-element-24425fdd elementor-widget elementor-widget-text-editor\" data-id=\"24425fdd\" data-element_type=\"widget\" data-e-type=\"widget\" data-widget_type=\"text-editor.default\">\n\t\t\t\t<div class=\"elementor-widget-container\">\n\t\t\t\t\t\t\t\t\t<p data-path-to-node=\"4,0\"><b data-path-to-node=\"4,0\" data-index-in-node=\"0\">Verwurzelt in Qualit\u00e4t. Angetrieben von Wohlbefinden.<\/b><\/p>\n<p data-path-to-node=\"4,1\">Bei Hashvix glauben wir, dass die Natur den Schl\u00fcssel zum modernen Gleichgewicht birgt. Unsere Mission ist es, die L\u00fccke zwischen traditionellem botanischem Wissen und den strengen Standards der zeitgen\u00f6ssischen Wissenschaft zu schlie\u00dfen. Hashvix wurde gegr\u00fcndet, um eine erstklassige, kuratierte Auswahl an botanischen Produkten f\u00fcr diejenigen anzubieten, die keine Kompromisse bei der Qualit\u00e4t eingehen wollen.<\/p>\n<p data-path-to-node=\"4,2\"><b data-path-to-node=\"4,2\" data-index-in-node=\"0\">Ein europ\u00e4isches Kompetenzzentrum.<\/b><\/p>\n<p data-path-to-node=\"4,3\">Hashvix ist eine wahrhaft internationale Marke. W\u00e4hrend sich unser strategischer Hauptsitz in London befindet, pflegen wir eine starke Pr\u00e4senz in Europas f\u00fchrenden Wellness-Zentren. Durch die Koordination unserer Forschung und Beschaffung an wichtigen Standorten wie Barcelona und Prag bleiben wir an der Spitze der botanischen Innovation und der europ\u00e4ischen Sicherheitsstandards.<\/p>\n<p data-path-to-node=\"4,4\"><b data-path-to-node=\"4,4\" data-index-in-node=\"0\">Der Hashvix-Standard: Reinheit ohne Kompromisse.<\/b><\/p>\n<p data-path-to-node=\"4,5\">Jedes Produkt, das einen Platz in unserer Kollektion erh\u00e4lt, durchl\u00e4uft einen sorgf\u00e4ltigen Auswahlprozess. Wir gew\u00e4hrleisten unabh\u00e4ngige Labortests f\u00fcr jede einzelne Charge, um Wirksamkeit und Reinheit zu \u00fcberpr\u00fcfen. Wir arbeiten ausschlie\u00dflich mit zertifizierten europ\u00e4ischen Produzenten zusammen, die unser Engagement f\u00fcr biologische und nachhaltige Praktiken teilen.<\/p>\n<p data-path-to-node=\"4,6\"><b data-path-to-node=\"4,6\" data-index-in-node=\"0\">Finden Sie Ihr t\u00e4gliches Gleichgewicht.<\/b><\/p>\n<p data-path-to-node=\"4,7\">Ob Sie Erholung, Konzentration oder einen Moment der Ruhe suchen, Hashvix ist Ihr zuverl\u00e4ssiger Partner. Willkommen in der Zukunft des botanischen Wohlbefindens.<\/p>\t\t\t\t\t\t\t\t<\/div>\n\t\t\t\t<\/div>\n\t\t\t\t\t<\/div>\n\t\t\t\t<\/div>\n\t\t\t\t<\/div>","protected":false},"excerpt":{"rendered":"<p>Rooted in Quality. Driven by Wellness. At Hashvix, we believe that nature holds the key to modern balance. Our mission is to bridge the gap between traditional botanical wisdom and the rigorous standards of contemporary science. Hashvix was founded to provide a premium, curated selection of botanical products for those who refuse to compromise on [&hellip;]<\/p>\n","protected":false},"author":1,"featured_media":0,"parent":0,"menu_order":0,"comment_status":"closed","ping_status":"closed","template":"","meta":{"_uag_custom_page_level_css":"","footnotes":""},"class_list":["post-444","page","type-page","status-publish","hentry"],"_hostinger_reach_plugin_has_subscription_block":false,"_hostinger_reach_plugin_is_elementor":false,"uagb_featured_image_src":{"full":false,"thumbnail":false,"medium":false,"medium_large":false,"large":false,"1536x1536":false,"2048x2048":false,"trp-custom-language-flag":false,"tp-image-grid":false,"blog-thumb":false,"blog-full":false,"woocommerce_thumbnail":false,"woocommerce_single":false,"woocommerce_gallery_thumbnail":false,"dgwt-wcas-product-suggestion":false},"uagb_author_info":{"display_name":"errqw eqrwrqw","author_link":"https:\/\/hashvix.com\/de\/author\/foodnichjuk25gmail-com\/"},"uagb_comment_info":0,"uagb_excerpt":"Rooted in Quality. Driven by Wellness. At Hashvix, we believe that nature holds the key to modern balance. Our mission is to bridge the gap between traditional botanical wisdom and the rigorous standards of contemporary science. Hashvix was founded to provide a premium, curated selection of botanical products for those who refuse to compromise on&hellip;","_links":{"self":[{"href":"https:\/\/hashvix.com\/de\/wp-json\/wp\/v2\/pages\/444","targetHints":{"allow":["GET"]}}],"collection":[{"href":"https:\/\/hashvix.com\/de\/wp-json\/wp\/v2\/pages"}],"about":[{"href":"https:\/\/hashvix.com\/de\/wp-json\/wp\/v2\/types\/page"}],"author":[{"embeddable":true,"href":"https:\/\/hashvix.com\/de\/wp-json\/wp\/v2\/users\/1"}],"replies":[{"embeddable":true,"href":"https:\/\/hashvix.com\/de\/wp-json\/wp\/v2\/comments?post=444"}],"version-history":[{"count":3,"href":"https:\/\/hashvix.com\/de\/wp-json\/wp\/v2\/pages\/444\/revisions"}],"predecessor-version":[{"id":447,"href":"https:\/\/hashvix.com\/de\/wp-json\/wp\/v2\/pages\/444\/revisions\/447"}],"wp:attachment":[{"href":"https:\/\/hashvix.com\/de\/wp-json\/wp\/v2\/media?parent=444"}],"curies":[{"name":"wp","href":"https:\/\/api.w.org\/{rel}","templated":true}]}}